{"id":2,"date":"2022-10-22T13:25:05","date_gmt":"2022-10-22T13:25:05","guid":{"rendered":"https:\/\/talionis.citic.udc.es\/TechQoL4Carers\/?page_id=2"},"modified":"2025-01-30T08:52:10","modified_gmt":"2025-01-30T08:52:10","slug":"quienes-somos","status":"publish","type":"page","link":"https:\/\/talionis.citic.udc.es\/TechQoL4Carers\/?page_id=2","title":{"rendered":"Qui\u00e9nes somos"},"content":{"rendered":"\t\t<div data-elementor-type=\"wp-page\" data-elementor-id=\"2\" class=\"elementor elementor-2\">\n\t\t\t\t<div class=\"elementor-element elementor-element-13f075d e-flex e-con-boxed e-con e-parent\" data-id=\"13f075d\" data-element_type=\"container\">\n\t\t\t\t\t<div class=\"e-con-inner\">\n\t\t\t\t<div class=\"elementor-element elementor-element-1281db1 elementor-widget elementor-widget-text-editor\" data-id=\"1281db1\" data-element_type=\"widget\" data-widget_type=\"text-editor.default\">\n\t\t\t\t<div class=\"elementor-widget-container\">\n\t\t\t\t\t\t\t<h4>Proyecto desarrollado por el grupo Talionis en colaboraci\u00f3n con el grupo Lia[2]<\/h4>\t\t\t\t\t\t<\/div>\n\t\t\t\t<\/div>\n\t\t\t\t<div class=\"elementor-element elementor-element-2c010b4 elementor-widget elementor-widget-text-editor\" data-id=\"2c010b4\" data-element_type=\"widget\" data-widget_type=\"text-editor.default\">\n\t\t\t\t<div class=\"elementor-widget-container\">\n\t\t\t\t\t\t\t<p><span dir=\"ltr\" role=\"presentation\">Proyecto\u00a0 TED2021-130127A-I00 financiado por<\/span><br role=\"presentation\" \/><span dir=\"ltr\" role=\"presentation\">MCIN\/AEI\/10.13039\/501100011033 y por la Uni\u00f3n Europea \u201dNextGenerationEU\u201d<\/span><\/p>\t\t\t\t\t\t<\/div>\n\t\t\t\t<\/div>\n\t\t\t\t\t<\/div>\n\t\t\t\t<\/div>\n\t\t<div class=\"elementor-element elementor-element-4fa68c3 e-flex e-con-boxed e-con e-parent\" data-id=\"4fa68c3\" data-element_type=\"container\">\n\t\t\t\t\t<div class=\"e-con-inner\">\n\t\t<div class=\"elementor-element elementor-element-5eea342 e-con-full e-flex e-con e-child\" data-id=\"5eea342\" data-element_type=\"container\">\n\t\t<div class=\"elementor-element elementor-element-74aa4d5 e-con-full e-flex e-con e-child\" data-id=\"74aa4d5\" data-element_type=\"container\">\n\t\t\t\t<div class=\"elementor-element elementor-element-146cfa7 elementor-position-top elementor-widget elementor-widget-image-box\" data-id=\"146cfa7\" data-element_type=\"widget\" data-widget_type=\"image-box.default\">\n\t\t\t\t<div class=\"elementor-widget-container\">\n\t\t\t<div class=\"elementor-image-box-wrapper\"><figure class=\"elementor-image-box-img\"><a href=\"https:\/\/pdi.udc.es\/es\/File\/Pdi\/TB32H\" tabindex=\"-1\"><img decoding=\"async\" src=\"https:\/\/talionis.citic.udc.es\/TechQoL4Carers\/wp-content\/uploads\/elementor\/thumbs\/Beti-carnet-qcfs1cnhtnlccze0a8exjs0efzpzauqm8olqjg2er4-2-1-qxe0xsteyxhp7jmyuwqzixo2x4pp55n6mi02l8h5ps.png\" title=\"Beti-carnet-qcfs1cnhtnlccze0a8exjs0efzpzauqm8olqjg2er4 (2) (1)\" alt=\"\" class=\"elementor-animation-grow-rotate\" loading=\"lazy\" \/><\/a><\/figure><div class=\"elementor-image-box-content\"><h4 class=\"elementor-image-box-title\"><a href=\"https:\/\/pdi.udc.es\/es\/File\/Pdi\/TB32H\">BETANIA GROBA GONZ\u00c1LEZ<\/a><\/h4><p class=\"elementor-image-box-description\">Investigadora principal\nprofesora contratada\ndoctora<\/p><\/div><\/div>\t\t<\/div>\n\t\t\t\t<\/div>\n\t\t\t\t<\/div>\n\t\t\t\t<\/div>\n\t\t<div class=\"elementor-element elementor-element-a20ca36 e-con-full e-flex e-con e-child\" data-id=\"a20ca36\" data-element_type=\"container\">\n\t\t<div class=\"elementor-element elementor-element-88cb4ba e-con-full e-flex e-con e-child\" data-id=\"88cb4ba\" data-element_type=\"container\">\n\t\t\t\t<div class=\"elementor-element elementor-element-e08b1b0 elementor-position-top elementor-widget elementor-widget-image-box\" data-id=\"e08b1b0\" data-element_type=\"widget\" data-widget_type=\"image-box.default\">\n\t\t\t\t<div class=\"elementor-widget-container\">\n\t\t\t<div class=\"elementor-image-box-wrapper\"><figure class=\"elementor-image-box-img\"><a href=\"https:\/\/pdi.udc.es\/es\/File\/Pdi\/Y784H\" tabindex=\"-1\"><img decoding=\"async\" src=\"https:\/\/talionis.citic.udc.es\/TechQoL4Carers\/wp-content\/uploads\/elementor\/thumbs\/Laura-N-carnet-qcfs2h2jzj4o87raq7vw0zt7zk6rhu72q8nm6cehbk-1-1-qxe0zxw6jcf7nkj0cu2e7e7vmq5soc5693hvxxavjk.png\" title=\"Laura-N-carnet-qcfs2h2jzj4o87raq7vw0zt7zk6rhu72q8nm6cehbk (1) (1)\" alt=\"\" class=\"elementor-animation-grow-rotate\" loading=\"lazy\" \/><\/a><\/figure><div class=\"elementor-image-box-content\"><h4 class=\"elementor-image-box-title\"><a href=\"https:\/\/pdi.udc.es\/es\/File\/Pdi\/Y784H\">  LAURA NIETO RIVEIRO<\/a><\/h4><p class=\"elementor-image-box-description\">Investigadora principal\nprofesora contratada\ndoctora<\/p><\/div><\/div>\t\t<\/div>\n\t\t\t\t<\/div>\n\t\t\t\t<\/div>\n\t\t\t\t<\/div>\n\t\t<div class=\"elementor-element elementor-element-bc032e8 e-con-full e-flex e-con e-child\" data-id=\"bc032e8\" data-element_type=\"container\">\n\t\t<div class=\"elementor-element elementor-element-a2c2d71 e-con-full e-flex e-con e-child\" data-id=\"a2c2d71\" data-element_type=\"container\">\n\t\t\t\t<div class=\"elementor-element elementor-element-83cabdf elementor-position-top elementor-widget elementor-widget-image-box\" data-id=\"83cabdf\" data-element_type=\"widget\" data-widget_type=\"image-box.default\">\n\t\t\t\t<div class=\"elementor-widget-container\">\n\t\t\t<div class=\"elementor-image-box-wrapper\"><figure class=\"elementor-image-box-img\"><a href=\"https:\/\/pdi.udc.es\/es\/File\/Pdi\/ZC9AF\" tabindex=\"-1\"><img decoding=\"async\" src=\"https:\/\/talionis.citic.udc.es\/TechQoL4Carers\/wp-content\/uploads\/elementor\/thumbs\/Javi-carnet-qcfs23wtbumnpoaev274234ro5zmi2qu0fitggxzqo-1-1-qxe11dlaz8dze4fwyyevij68ax2zfoues7dlc5681c.png\" title=\"Javi-carnet-qcfs23wtbumnpoaev274234ro5zmi2qu0fitggxzqo (1) (1)\" alt=\"\" class=\"elementor-animation-grow-rotate\" loading=\"lazy\" \/><\/a><\/figure><div class=\"elementor-image-box-content\"><h4 class=\"elementor-image-box-title\"><a href=\"https:\/\/pdi.udc.es\/es\/File\/Pdi\/ZC9AF\">JAVIER PEREIRA LOUREIRO<\/a><\/h4><p class=\"elementor-image-box-description\">Profesor titular<\/p><\/div><\/div>\t\t<\/div>\n\t\t\t\t<\/div>\n\t\t\t\t<\/div>\n\t\t\t\t<\/div>\n\t\t<div class=\"elementor-element elementor-element-4ac180a e-con-full e-flex e-con e-child\" data-id=\"4ac180a\" data-element_type=\"container\">\n\t\t<div class=\"elementor-element elementor-element-00376c7 e-con-full e-flex e-con e-child\" data-id=\"00376c7\" data-element_type=\"container\">\n\t\t\t\t<div class=\"elementor-element elementor-element-fd88803 elementor-position-top elementor-widget elementor-widget-image-box\" data-id=\"fd88803\" data-element_type=\"widget\" data-widget_type=\"image-box.default\">\n\t\t\t\t<div class=\"elementor-widget-container\">\n\t\t\t<div class=\"elementor-image-box-wrapper\"><figure class=\"elementor-image-box-img\"><a href=\"https:\/\/pdi.udc.es\/es\/File\/Pdi\/VA5TH\" tabindex=\"-1\"><img decoding=\"async\" src=\"https:\/\/talionis.citic.udc.es\/TechQoL4Carers\/wp-content\/uploads\/elementor\/thumbs\/Thais-Pousada-qcl515j8bclz2hbgzyjib0vlrwvzpm16h40xq4hoog-1-1-qxe12nnea45170l0i0blepjtesrywux9ajcdup9xkg.jpg\" title=\"Thais-Pousada-qcl515j8bclz2hbgzyjib0vlrwvzpm16h40xq4hoog (1) (1)\" alt=\"\" class=\"elementor-animation-grow-rotate\" loading=\"lazy\" \/><\/a><\/figure><div class=\"elementor-image-box-content\"><h4 class=\"elementor-image-box-title\"><a href=\"https:\/\/pdi.udc.es\/es\/File\/Pdi\/VA5TH\">THAIS POUSADA GARC\u00cdA<\/a><\/h4><p class=\"elementor-image-box-description\">Profesora titular<\/p><\/div><\/div>\t\t<\/div>\n\t\t\t\t<\/div>\n\t\t\t\t<\/div>\n\t\t\t\t<\/div>\n\t\t<div class=\"elementor-element elementor-element-daadf65 e-con-full e-flex e-con e-child\" data-id=\"daadf65\" data-element_type=\"container\">\n\t\t<div class=\"elementor-element elementor-element-a43e764 e-con-full e-flex e-con e-child\" data-id=\"a43e764\" data-element_type=\"container\">\n\t\t\t\t<div class=\"elementor-element elementor-element-913bc01 elementor-position-top elementor-widget elementor-widget-image-box\" data-id=\"913bc01\" data-element_type=\"widget\" data-widget_type=\"image-box.default\">\n\t\t\t\t<div class=\"elementor-widget-container\">\n\t\t\t<div class=\"elementor-image-box-wrapper\"><figure class=\"elementor-image-box-img\"><a href=\"https:\/\/pdi.udc.es\/es\/File\/Pdi\/UB4HF\" tabindex=\"-1\"><img decoding=\"async\" src=\"https:\/\/talionis.citic.udc.es\/TechQoL4Carers\/wp-content\/uploads\/elementor\/thumbs\/icono_sinicono-qeybav6za6buybwtyshbnko90vre1lnsfnv886ht0w-1-1-qxe13wrne5usoarh6jtoqe5xxall6bwdgqnovzf19s.png\" title=\"icono_sinicono-qeybav6za6buybwtyshbnko90vre1lnsfnv886ht0w (1) (1)\" alt=\"\" class=\"elementor-animation-grow-rotate\" loading=\"lazy\" \/><\/a><\/figure><div class=\"elementor-image-box-content\"><h4 class=\"elementor-image-box-title\"><a href=\"https:\/\/pdi.udc.es\/es\/File\/Pdi\/UB4HF\">\u00c1NGEL G\u00d3MEZ GARC\u00cdA<\/a><\/h4><p class=\"elementor-image-box-description\">Profesor asociado<\/p><\/div><\/div>\t\t<\/div>\n\t\t\t\t<\/div>\n\t\t\t\t<\/div>\n\t\t\t\t<\/div>\n\t\t<div class=\"elementor-element elementor-element-01709d2 e-con-full e-flex e-con e-child\" data-id=\"01709d2\" data-element_type=\"container\">\n\t\t<div class=\"elementor-element elementor-element-552dcfc e-con-full e-flex e-con e-child\" data-id=\"552dcfc\" data-element_type=\"container\">\n\t\t\t\t<div class=\"elementor-element elementor-element-7f67cb4 elementor-position-top elementor-widget elementor-widget-image-box\" data-id=\"7f67cb4\" data-element_type=\"widget\" data-widget_type=\"image-box.default\">\n\t\t\t\t<div class=\"elementor-widget-container\">\n\t\t\t<div class=\"elementor-image-box-wrapper\"><figure class=\"elementor-image-box-img\"><a href=\"https:\/\/pdi.udc.es\/es\/File\/Pdi\/AW2EH\" tabindex=\"-1\"><img decoding=\"async\" src=\"https:\/\/talionis.citic.udc.es\/TechQoL4Carers\/wp-content\/uploads\/elementor\/thumbs\/Maria-Martinez-scaled-qce2g0bhu67uk27b09wo5tej2ypyj11jpuu4a1qqsw-1-1-qxe14oyt36xeclmilw0ht71rquqll90bkm89aa9834.jpg\" title=\"Maria-Martinez-scaled-qce2g0bhu67uk27b09wo5tej2ypyj11jpuu4a1qqsw (1) (1)\" alt=\"\" class=\"elementor-animation-grow-rotate\" loading=\"lazy\" \/><\/a><\/figure><div class=\"elementor-image-box-content\"><h4 class=\"elementor-image-box-title\"><a href=\"https:\/\/pdi.udc.es\/es\/File\/Pdi\/AW2EH\">MAR\u00cdA MART\u00cdNEZ P\u00c9REZ<\/a><\/h4><p class=\"elementor-image-box-description\">Profesora ayudante\n doctora<\/p><\/div><\/div>\t\t<\/div>\n\t\t\t\t<\/div>\n\t\t\t\t<\/div>\n\t\t\t\t<\/div>\n\t\t<div class=\"elementor-element elementor-element-12af8b7 e-con-full e-flex e-con e-child\" data-id=\"12af8b7\" data-element_type=\"container\">\n\t\t<div class=\"elementor-element elementor-element-9c94b07 e-con-full e-flex e-con e-child\" data-id=\"9c94b07\" data-element_type=\"container\">\n\t\t\t\t<div class=\"elementor-element elementor-element-f4234e0 elementor-position-top elementor-widget elementor-widget-image-box\" data-id=\"f4234e0\" data-element_type=\"widget\" data-widget_type=\"image-box.default\">\n\t\t\t\t<div class=\"elementor-widget-container\">\n\t\t\t<div class=\"elementor-image-box-wrapper\"><figure class=\"elementor-image-box-img\"><a href=\"https:\/\/portalinvestigacion.udc.gal\/investigadores\/212834\/detalle\" tabindex=\"-1\"><img decoding=\"async\" src=\"https:\/\/talionis.citic.udc.es\/TechQoL4Carers\/wp-content\/uploads\/elementor\/thumbs\/Nereida_Canosa_TALIONIS-qp9504lg3kspg172855qgjqhh0gpmjppznjk4o08j4-qxe17xismncyc8x7pae8edmxems43pv1cn4gslgenk.jpg\" title=\"Nereida_Canosa_TALIONIS-qp9504lg3kspg172855qgjqhh0gpmjppznjk4o08j4\" alt=\"\" class=\"elementor-animation-grow-rotate\" loading=\"lazy\" \/><\/a><\/figure><div class=\"elementor-image-box-content\"><h4 class=\"elementor-image-box-title\"><a href=\"https:\/\/portalinvestigacion.udc.gal\/investigadores\/212834\/detalle\">NEREIDA CANOSA DOM\u00cdNGUEZ<\/a><\/h4><p class=\"elementor-image-box-description\">Profesora colaboradora\n<\/p><\/div><\/div>\t\t<\/div>\n\t\t\t\t<\/div>\n\t\t\t\t<\/div>\n\t\t\t\t<\/div>\n\t\t<div class=\"elementor-element elementor-element-9bb2646 e-con-full e-flex e-con e-child\" data-id=\"9bb2646\" data-element_type=\"container\">\n\t\t<div class=\"elementor-element elementor-element-3929beb e-con-full e-flex e-con e-child\" data-id=\"3929beb\" data-element_type=\"container\">\n\t\t\t\t<div class=\"elementor-element elementor-element-c356913 elementor-position-top elementor-widget elementor-widget-image-box\" data-id=\"c356913\" data-element_type=\"widget\" data-widget_type=\"image-box.default\">\n\t\t\t\t<div class=\"elementor-widget-container\">\n\t\t\t<div class=\"elementor-image-box-wrapper\"><figure class=\"elementor-image-box-img\"><a href=\"https:\/\/pdi.udc.es\/es\/File\/Pdi\/MJ5FK\" tabindex=\"-1\"><img decoding=\"async\" src=\"https:\/\/talionis.citic.udc.es\/TechQoL4Carers\/wp-content\/uploads\/elementor\/thumbs\/Carmen-qcfs1pt8hc3cviuw5e3pioourdx4am6uyhqj9biwc0-qxe187v0ptr3vyi70wv4nt0zxvd5ge0322at2n12r4.png\" title=\"Carmen-qcfs1pt8hc3cviuw5e3pioourdx4am6uyhqj9biwc0\" alt=\"\" class=\"elementor-animation-grow-rotate\" loading=\"lazy\" \/><\/a><\/figure><div class=\"elementor-image-box-content\"><h4 class=\"elementor-image-box-title\"><a href=\"https:\/\/pdi.udc.es\/es\/File\/Pdi\/MJ5FK\">MAR\u00cdA DEL CARMEN MIRANDA DURO<\/a><\/h4><p class=\"elementor-image-box-description\">Profesora interina de sustituci\u00f3n\n<\/p><\/div><\/div>\t\t<\/div>\n\t\t\t\t<\/div>\n\t\t\t\t<\/div>\n\t\t\t\t<\/div>\n\t\t<div class=\"elementor-element elementor-element-a5e5f9e e-con-full e-flex e-con e-child\" data-id=\"a5e5f9e\" data-element_type=\"container\">\n\t\t<div class=\"elementor-element elementor-element-f28e0c3 e-con-full e-flex e-con e-child\" data-id=\"f28e0c3\" data-element_type=\"container\">\n\t\t\t\t<div class=\"elementor-element elementor-element-51b776c elementor-position-top elementor-widget elementor-widget-image-box\" data-id=\"51b776c\" data-element_type=\"widget\" data-widget_type=\"image-box.default\">\n\t\t\t\t<div class=\"elementor-widget-container\">\n\t\t\t<div class=\"elementor-image-box-wrapper\"><figure class=\"elementor-image-box-img\"><a href=\"https:\/\/pdi.udc.es\/es\/File\/Pdi\/UE4JK\" tabindex=\"-1\"><img decoding=\"async\" src=\"https:\/\/talionis.citic.udc.es\/TechQoL4Carers\/wp-content\/uploads\/elementor\/thumbs\/Patricia-carnet-qcfs30t5z1vp00ymiyf1zctwgnhgzhdfsyct95l7ow-qxe18h9em63z424ji0xecqnlvq2tld1efctnven50w.png\" title=\"Patricia-carnet-qcfs30t5z1vp00ymiyf1zctwgnhgzhdfsyct95l7ow\" alt=\"\" class=\"elementor-animation-grow-rotate\" loading=\"lazy\" \/><\/a><\/figure><div class=\"elementor-image-box-content\"><h4 class=\"elementor-image-box-title\"><a href=\"https:\/\/pdi.udc.es\/es\/File\/Pdi\/UE4JK\">PATRICIA CONCHEIRO MOSCOSO<\/a><\/h4><p class=\"elementor-image-box-description\">Investigadora postdoctoral<\/p><\/div><\/div>\t\t<\/div>\n\t\t\t\t<\/div>\n\t\t\t\t<\/div>\n\t\t\t\t<\/div>\n\t\t<div class=\"elementor-element elementor-element-9960f62 e-con-full e-flex e-con e-child\" data-id=\"9960f62\" data-element_type=\"container\">\n\t\t<div class=\"elementor-element elementor-element-800dab6 e-con-full e-flex e-con e-child\" data-id=\"800dab6\" data-element_type=\"container\">\n\t\t\t\t<div class=\"elementor-element elementor-element-9ba9627 elementor-position-top elementor-widget elementor-widget-image-box\" data-id=\"9ba9627\" data-element_type=\"widget\" data-widget_type=\"image-box.default\">\n\t\t\t\t<div class=\"elementor-widget-container\">\n\t\t\t<div class=\"elementor-image-box-wrapper\"><figure class=\"elementor-image-box-img\"><a href=\"https:\/\/es.linkedin.com\/in\/manuel-lagos-rodr%C3%ADguez-a3a077227\" tabindex=\"-1\"><img decoding=\"async\" src=\"https:\/\/talionis.citic.udc.es\/TechQoL4Carers\/wp-content\/uploads\/elementor\/thumbs\/Manuel-Lagos-1-qdneg7m2trjy8ncmeqkh4eieculc3w7qe9dc4f9lbk-qxe18mwfr6bp1pwcl3d5rp8dg1b0vjnsg4qkr2erzk.jpg\" title=\"Manuel-Lagos-1-qdneg7m2trjy8ncmeqkh4eieculc3w7qe9dc4f9lbk\" alt=\"\" class=\"elementor-animation-grow-rotate\" loading=\"lazy\" \/><\/a><\/figure><div class=\"elementor-image-box-content\"><h4 class=\"elementor-image-box-title\"><a href=\"https:\/\/es.linkedin.com\/in\/manuel-lagos-rodr%C3%ADguez-a3a077227\">MANUEL LAGOS RODR\u00cdGUEZ<\/a><\/h4><p class=\"elementor-image-box-description\">Investigador predoctoral<\/p><\/div><\/div>\t\t<\/div>\n\t\t\t\t<\/div>\n\t\t\t\t<\/div>\n\t\t\t\t<\/div>\n\t\t<div class=\"elementor-element elementor-element-973df92 e-con-full e-flex e-con e-child\" data-id=\"973df92\" data-element_type=\"container\">\n\t\t<div class=\"elementor-element elementor-element-6338b3b e-con-full e-flex e-con e-child\" data-id=\"6338b3b\" data-element_type=\"container\">\n\t\t\t\t<div class=\"elementor-element elementor-element-2948db6 elementor-position-top elementor-widget elementor-widget-image-box\" data-id=\"2948db6\" data-element_type=\"widget\" data-widget_type=\"image-box.default\">\n\t\t\t\t<div class=\"elementor-widget-container\">\n\t\t\t<div class=\"elementor-image-box-wrapper\"><figure class=\"elementor-image-box-img\"><a href=\"https:\/\/www.linkedin.com\/in\/iago-fern%C3%A1ndez-870b6930b\/\" tabindex=\"-1\"><img decoding=\"async\" src=\"https:\/\/talionis.citic.udc.es\/TechQoL4Carers\/wp-content\/uploads\/elementor\/thumbs\/Image-_1_-e1728983151165-qvl6sivbxtqwdeultajdpxhu3gbk4k8pc73ydtiss0-qxe194rdd1056b6eot32l2q4qcuzxsmoul4svboapc.png\" title=\"Image-_1_-e1728983151165-qvl6sivbxtqwdeultajdpxhu3gbk4k8pc73ydtiss0\" alt=\"\" class=\"elementor-animation-grow-rotate\" loading=\"lazy\" \/><\/a><\/figure><div class=\"elementor-image-box-content\"><h4 class=\"elementor-image-box-title\"><a href=\"https:\/\/www.linkedin.com\/in\/iago-fern%C3%A1ndez-870b6930b\/\">IAGO FERN\u00c1NDEZ GARRIDO<\/a><\/h4><p class=\"elementor-image-box-description\">T\u00e9cnico de apoyo a investigaci\u00f3n<\/p><\/div><\/div>\t\t<\/div>\n\t\t\t\t<\/div>\n\t\t\t\t<\/div>\n\t\t\t\t<\/div>\n\t\t<div class=\"elementor-element elementor-element-c4f780c e-con-full e-flex e-con e-child\" data-id=\"c4f780c\" data-element_type=\"container\">\n\t\t<div class=\"elementor-element elementor-element-18f7657 e-con-full e-flex e-con e-child\" data-id=\"18f7657\" data-element_type=\"container\">\n\t\t\t\t<div class=\"elementor-element elementor-element-9140325 elementor-position-top elementor-widget elementor-widget-image-box\" data-id=\"9140325\" data-element_type=\"widget\" data-widget_type=\"image-box.default\">\n\t\t\t\t<div class=\"elementor-widget-container\">\n\t\t\t<div class=\"elementor-image-box-wrapper\"><figure class=\"elementor-image-box-img\"><a href=\"https:\/\/www.linkedin.com\/in\/santiago-fern%C3%A1ndez-noriega-balseiro-2703a126a\" tabindex=\"-1\"><img decoding=\"async\" src=\"https:\/\/talionis.citic.udc.es\/TechQoL4Carers\/wp-content\/uploads\/elementor\/thumbs\/Santiago-Noriega-e1695029502755-qcl4xf4b61hyy8qpsufuwgsottai4w7kamqi3k0ze8-qxe19d7x2jbq2su4beqppila2tpav2k9vr066tbr5c.jpg\" title=\"Santiago-Noriega-e1695029502755-qcl4xf4b61hyy8qpsufuwgsottai4w7kamqi3k0ze8\" alt=\"\" class=\"elementor-animation-grow-rotate\" loading=\"lazy\" \/><\/a><\/figure><div class=\"elementor-image-box-content\"><h4 class=\"elementor-image-box-title\"><a href=\"https:\/\/www.linkedin.com\/in\/santiago-fern%C3%A1ndez-noriega-balseiro-2703a126a\">SANTIAGO FERN\u00c1NDEZ-NORIEGA BALSEIRO<\/a><\/h4><p class=\"elementor-image-box-description\">T\u00e9cnico de apoyo a investigaci\u00f3n<\/p><\/div><\/div>\t\t<\/div>\n\t\t\t\t<\/div>\n\t\t\t\t<\/div>\n\t\t\t\t<\/div>\n\t\t<div class=\"elementor-element elementor-element-8be01bd e-con-full e-flex e-con e-child\" data-id=\"8be01bd\" data-element_type=\"container\">\n\t\t<div class=\"elementor-element elementor-element-c366d71 e-con-full e-flex e-con e-child\" data-id=\"c366d71\" data-element_type=\"container\">\n\t\t\t\t<div class=\"elementor-element elementor-element-2ed6644 elementor-position-top elementor-widget elementor-widget-image-box\" data-id=\"2ed6644\" data-element_type=\"widget\" data-widget_type=\"image-box.default\">\n\t\t\t\t<div class=\"elementor-widget-container\">\n\t\t\t<div class=\"elementor-image-box-wrapper\"><figure class=\"elementor-image-box-img\"><a href=\"https:\/\/www.linkedin.com\/in\/sabela-maro%C3%B1o-candal-449bb5178\/\" tabindex=\"-1\"><img decoding=\"async\" src=\"https:\/\/talionis.citic.udc.es\/TechQoL4Carers\/wp-content\/uploads\/elementor\/thumbs\/SABELA_FOTO-qp958l55lwdlxowotssuwevtxurmwhar5iwvmbgoj4-qxe19jssedkqc2kk8zl3oyxi8isvcyae8nkkjr1zxs.jpg\" title=\"SABELA_FOTO-qp958l55lwdlxowotssuwevtxurmwhar5iwvmbgoj4\" alt=\"\" class=\"elementor-animation-grow-rotate\" loading=\"lazy\" \/><\/a><\/figure><div class=\"elementor-image-box-content\"><h4 class=\"elementor-image-box-title\"><a href=\"https:\/\/www.linkedin.com\/in\/sabela-maro%C3%B1o-candal-449bb5178\/\">SABELA MARO\u00d1O CANDAL<\/a><\/h4><p class=\"elementor-image-box-description\">T\u00e9cnica de apoyo a investigaci\u00f3n<\/p><\/div><\/div>\t\t<\/div>\n\t\t\t\t<\/div>\n\t\t\t\t<\/div>\n\t\t\t\t<\/div>\n\t\t<div class=\"elementor-element elementor-element-7cca578 e-con-full e-flex e-con e-child\" data-id=\"7cca578\" data-element_type=\"container\">\n\t\t<div class=\"elementor-element elementor-element-9779518 e-con-full e-flex e-con e-child\" data-id=\"9779518\" data-element_type=\"container\">\n\t\t\t\t<div class=\"elementor-element elementor-element-dcf1b84 elementor-position-top elementor-widget elementor-widget-image-box\" data-id=\"dcf1b84\" data-element_type=\"widget\" data-widget_type=\"image-box.default\">\n\t\t\t\t<div class=\"elementor-widget-container\">\n\t\t\t<div class=\"elementor-image-box-wrapper\"><figure class=\"elementor-image-box-img\"><img decoding=\"async\" src=\"https:\/\/talionis.citic.udc.es\/TechQoL4Carers\/wp-content\/uploads\/elementor\/thumbs\/Image-1-e1728983006554-qvl6oqkqeukblyckx5mh6dvzykzc4g7mhgijsp4vu8-qxe18z4c80sf8nellqnb645d61msnm0att7vznwnqo.png\" title=\"Image-1-e1728983006554-qvl6oqkqeukblyckx5mh6dvzykzc4g7mhgijsp4vu8\" alt=\"\" class=\"elementor-animation-grow-rotate\" loading=\"lazy\" \/><\/figure><div class=\"elementor-image-box-content\"><h4 class=\"elementor-image-box-title\">JER\u00d3NIMO PARDO RODR\u00cdGUEZ<\/h4><p class=\"elementor-image-box-description\">T\u00e9cnico de apoyo a investigaci\u00f3n<\/p><\/div><\/div>\t\t<\/div>\n\t\t\t\t<\/div>\n\t\t\t\t<\/div>\n\t\t\t\t<\/div>\n\t\t\t\t\t<\/div>\n\t\t\t\t<\/div>\n\t\t\t\t<\/div>\n\t\t","protected":false},"excerpt":{"rendered":"<p>Proyecto desarrollado por el grupo Talionis en colaboraci\u00f3n con el grupo Lia[2] Proyecto\u00a0 TED2021-130127A-I00 financiado porMCIN\/AEI\/10.13039\/501100011033 y por la Uni\u00f3n Europea \u201dNextGenerationEU\u201d BETANIA GROBA GONZ\u00c1LEZ&hellip;<\/p>\n","protected":false},"author":1,"featured_media":0,"parent":0,"menu_order":0,"comment_status":"closed","ping_status":"closed","template":"","meta":{"footnotes":""},"class_list":["post-2","page","type-page","status-publish","hentry"],"_links":{"self":[{"href":"https:\/\/talionis.citic.udc.es\/TechQoL4Carers\/index.php?rest_route=\/wp\/v2\/pages\/2","targetHints":{"allow":["GET"]}}],"collection":[{"href":"https:\/\/talionis.citic.udc.es\/TechQoL4Carers\/index.php?rest_route=\/wp\/v2\/pages"}],"about":[{"href":"https:\/\/talionis.citic.udc.es\/TechQoL4Carers\/index.php?rest_route=\/wp\/v2\/types\/page"}],"author":[{"embeddable":true,"href":"https:\/\/talionis.citic.udc.es\/TechQoL4Carers\/index.php?rest_route=\/wp\/v2\/users\/1"}],"replies":[{"embeddable":true,"href":"https:\/\/talionis.citic.udc.es\/TechQoL4Carers\/index.php?rest_route=%2Fwp%2Fv2%2Fcomments&post=2"}],"version-history":[{"count":139,"href":"https:\/\/talionis.citic.udc.es\/TechQoL4Carers\/index.php?rest_route=\/wp\/v2\/pages\/2\/revisions"}],"predecessor-version":[{"id":869,"href":"https:\/\/talionis.citic.udc.es\/TechQoL4Carers\/index.php?rest_route=\/wp\/v2\/pages\/2\/revisions\/869"}],"wp:attachment":[{"href":"https:\/\/talionis.citic.udc.es\/TechQoL4Carers\/index.php?rest_route=%2Fwp%2Fv2%2Fmedia&parent=2"}],"curies":[{"name":"wp","href":"https:\/\/api.w.org\/{rel}","templated":true}]}}