{"id":22,"date":"2023-08-17T09:21:29","date_gmt":"2023-08-17T09:21:29","guid":{"rendered":"https:\/\/talionis.citic.udc.es\/TechQoL4Carers\/?page_id=22"},"modified":"2025-02-24T10:21:32","modified_gmt":"2025-02-24T10:21:32","slug":"servicios","status":"publish","type":"page","link":"https:\/\/talionis.citic.udc.es\/TechQoL4Carers\/?page_id=22","title":{"rendered":"Servicios"},"content":{"rendered":"\t\t<div data-elementor-type=\"wp-post\" data-elementor-id=\"22\" class=\"elementor elementor-22\">\n\t\t\t\t<div class=\"elementor-element elementor-element-526bb0d e-flex e-con-boxed e-con e-parent\" data-id=\"526bb0d\" data-element_type=\"container\">\n\t\t\t\t\t<div class=\"e-con-inner\">\n\t\t\t\t<div class=\"elementor-element elementor-element-2206ae4 elementor-widget elementor-widget-heading\" data-id=\"2206ae4\" data-element_type=\"widget\" data-widget_type=\"heading.default\">\n\t\t\t\t<div class=\"elementor-widget-container\">\n\t\t\t<h2 class=\"elementor-heading-title elementor-size-default\">CuidaconTIC<\/h2>\t\t<\/div>\n\t\t\t\t<\/div>\n\t\t\t\t\t<\/div>\n\t\t\t\t<\/div>\n\t\t<div class=\"elementor-element elementor-element-3d5b8ed e-flex e-con-boxed e-con e-parent\" data-id=\"3d5b8ed\" data-element_type=\"container\">\n\t\t\t\t\t<div class=\"e-con-inner\">\n\t\t\t\t<div class=\"elementor-element elementor-element-3c5a212 elementor-widget elementor-widget-text-editor\" data-id=\"3c5a212\" data-element_type=\"widget\" data-widget_type=\"text-editor.default\">\n\t\t\t\t<div class=\"elementor-widget-container\">\n\t\t\t\t\t\t\t<p>Como resultado del proyecto <span style=\"color: #518ea6;\"><b>TechQoL4Carers<\/b><\/span>, surge la plataforma <span style=\"color: #518ea6;\"><b>CuidaconTIC<\/b><\/span>, dise\u00f1ada espec\u00edficamente para personas cuidadoras con el objetivo de mejorar su calidad de vida, equilibrio ocupacional, autogesti\u00f3n de la salud y empoderamiento. Esta herramienta tecnol\u00f3gica integra m\u00faltiples funcionalidades y recursos para responder a las necesidades de estas personas, entre las que se incluyen:<\/p>\t\t\t\t\t\t<\/div>\n\t\t\t\t<\/div>\n\t\t\t\t\t<\/div>\n\t\t\t\t<\/div>\n\t\t<div class=\"elementor-element elementor-element-b024369 e-flex e-con-boxed e-con e-parent\" data-id=\"b024369\" data-element_type=\"container\">\n\t\t\t\t\t<div class=\"e-con-inner\">\n\t\t<div class=\"elementor-element elementor-element-e46d8e5 e-con-full e-flex e-con e-child\" data-id=\"e46d8e5\" data-element_type=\"container\">\n\t\t\t\t<div class=\"elementor-element elementor-element-acbaa78 elementor-widget elementor-widget-image\" data-id=\"acbaa78\" data-element_type=\"widget\" data-widget_type=\"image.default\">\n\t\t\t\t<div class=\"elementor-widget-container\">\n\t\t\t\t\t\t\t\t\t\t\t\t\t<img fetchpriority=\"high\" decoding=\"async\" width=\"843\" height=\"608\" src=\"https:\/\/talionis.citic.udc.es\/TechQoL4Carers\/wp-content\/uploads\/2024\/05\/Imagen_Login_CuidaconTIC-e1738149677172-1024x738.png\" class=\"attachment-large size-large wp-image-303\" alt=\"\" srcset=\"https:\/\/talionis.citic.udc.es\/TechQoL4Carers\/wp-content\/uploads\/2024\/05\/Imagen_Login_CuidaconTIC-e1738149677172-1024x738.png 1024w, https:\/\/talionis.citic.udc.es\/TechQoL4Carers\/wp-content\/uploads\/2024\/05\/Imagen_Login_CuidaconTIC-e1738149677172-300x216.png 300w, https:\/\/talionis.citic.udc.es\/TechQoL4Carers\/wp-content\/uploads\/2024\/05\/Imagen_Login_CuidaconTIC-e1738149677172-768x554.png 768w, https:\/\/talionis.citic.udc.es\/TechQoL4Carers\/wp-content\/uploads\/2024\/05\/Imagen_Login_CuidaconTIC-e1738149677172.png 1443w\" sizes=\"(max-width: 843px) 100vw, 843px\" \/>\t\t\t\t\t\t\t\t\t\t\t\t\t<\/div>\n\t\t\t\t<\/div>\n\t\t\t\t<\/div>\n\t\t\t\t<div class=\"elementor-element elementor-element-ab40c21 elementor-widget elementor-widget-text-editor\" data-id=\"ab40c21\" data-element_type=\"widget\" data-widget_type=\"text-editor.default\">\n\t\t\t\t<div class=\"elementor-widget-container\">\n\t\t\t\t\t\t\t<ul><li><span style=\"color: #518ea6;\"><strong>Un resumen diario de datos de salud<\/strong> <\/span>(apartado Mi resumen diario), conformado por el estado emocional, los pasos y el sue\u00f1o.\u00a0<\/li><li><strong><span style=\"color: #518ea6;\">La visualizaci\u00f3n de tus datos de salud<\/span> <\/strong>(apartado Mi salud), relacionados con la actividad f\u00edsica, la rutina del sue\u00f1o y la frecuencia card\u00edaca.\u00a0<\/li><li><span style=\"color: #518ea6;\"><strong>Un cuestionario semanal<\/strong><\/span> (apartado Mi semana), que eval\u00faa diferentes aspectos percibidos por las personas cuidadoras como calidad de vida, el impacto de los cuidados, el equilibrio ocupacional, la autogesti\u00f3n de la salud y el empoderamiento.\u00a0<\/li><li><strong><span style=\"color: #518ea6;\">El asesoramiento para las personas cuidadoras<\/span><\/strong> (apartado Me cuido y Te cuido), que ofrece contenidos relacionados con el propio cuidado de la persona cuidadora (Me cuido) y el cuidado de otras personas (Te cuido).\u00a0\u00a0<\/li><li><strong><span style=\"color: #518ea6;\">La evaluaci\u00f3n de la persona cuidadora<\/span><\/strong> (apartado de Evaluaci\u00f3n), mediante herramientas de evaluaci\u00f3n ligadas a la calidad de vida, impacto en los cuidados, el equilibrio ocupacional y el empoderamiento psicol\u00f3gico.\u00a0<\/li><li><strong><span style=\"color: #518ea6;\">Un sistema de notificaciones y avisos personalizados<\/span><\/strong> (apartado de Mis avisos), que consiste en que la persona usuaria de la plataforma, en funci\u00f3n de sus datos de salud y otra informaci\u00f3n recopilada en la plataforma, recibir\u00e1 avisos personalizados.<\/li><\/ul>\t\t\t\t\t\t<\/div>\n\t\t\t\t<\/div>\n\t\t\t\t\t<\/div>\n\t\t\t\t<\/div>\n\t\t<div class=\"elementor-element elementor-element-0242198 e-flex e-con-boxed e-con e-parent\" data-id=\"0242198\" data-element_type=\"container\">\n\t\t\t\t\t<div class=\"e-con-inner\">\n\t\t\t\t<div class=\"elementor-element elementor-element-ce99586 elementor-widget elementor-widget-heading\" data-id=\"ce99586\" data-element_type=\"widget\" data-widget_type=\"heading.default\">\n\t\t\t\t<div class=\"elementor-widget-container\">\n\t\t\t<h3 class=\"elementor-heading-title elementor-size-default\">Los dispositivos wearables en la plataforma CuidaconTIC \n<\/h3>\t\t<\/div>\n\t\t\t\t<\/div>\n\t\t\t\t\t<\/div>\n\t\t\t\t<\/div>\n\t\t<div class=\"elementor-element elementor-element-ea35a62 e-flex e-con-boxed e-con e-parent\" data-id=\"ea35a62\" data-element_type=\"container\">\n\t\t\t\t\t<div class=\"e-con-inner\">\n\t\t\t\t<div class=\"elementor-element elementor-element-b3baee9 elementor-widget elementor-widget-text-editor\" data-id=\"b3baee9\" data-element_type=\"widget\" data-widget_type=\"text-editor.default\">\n\t\t\t\t<div class=\"elementor-widget-container\">\n\t\t\t\t\t\t\t<p>Una caracter\u00edstica destacada de la plataforma <span style=\"color: #518ea6;\"><strong>CuidaconTIC<\/strong> <\/span>es la integraci\u00f3n de dispositivos wearables que facilitan la recopilaci\u00f3n continua de datos biom\u00e9dicos. Estos dispositivos, que pueden ser relojes inteligentes o pulseras de actividad, los cuales capturan informaci\u00f3n detallada sobre la actividad f\u00edsica \u2014incluyendo n\u00famero de pasos, distancia recorrida, tiempo activo y calor\u00edas quemadas\u2014, as\u00ed como sobre el sue\u00f1o \u2014tiempo total, fase REM, duraci\u00f3n del sue\u00f1o ligero y profundo, y tiempo despierto\u2014 y la frecuencia card\u00edaca, pulsaciones m\u00ednimas, media de pulsaciones, y pulsaciones m\u00e1ximas por d\u00eda.\u00a0<\/p><p>Estos wearables est\u00e1n dise\u00f1ados para sincronizarse no solo con otros dispositivos, sino tambi\u00e9n con aplicaciones como Google Fit, que est\u00e1 vinculada a la plataforma <strong><span style=\"color: #518ea6;\">CuidaconTIC<\/span> <\/strong>para facilitar la visualizaci\u00f3n y gesti\u00f3n de los datos de salud. Entre los beneficios de los dispositivos wearables en la plataforma <span style=\"color: #518ea6;\"><strong>CuidaconTIC<\/strong><\/span>, se destaca:\u00a0<\/p><ul><li><span style=\"color: #518ea6;\"><strong>Visualizaci\u00f3n de datos de salud:<\/strong><\/span> acceso instant\u00e1neo a tus datos de salud, pudiendo conocer tu estado de salud actual y realizar seguimientos precisos.\u00a0<\/li><li><span style=\"color: #518ea6;\"><strong>Integraci\u00f3n con la plataforma:<\/strong><\/span> La sinergia entre los dispositivos wearables y la plataforma <span style=\"color: #518ea6;\"><strong>CuidaconTIC<\/strong> <\/span>permite ofrecerte asesoramiento personalizado y recomendaciones basadas en tus datos para mejorar tu calidad de vida y fomentar un estilo de vida saludable.\u00a0<\/li><li><span style=\"color: #518ea6;\"><strong>Conciencia sobre la salud:<\/strong><\/span> estos dispositivos te ayudan a ser m\u00e1s consciente de tu estado de salud, proponiendo objetivos claros y alcanzables relacionados con tu actividad f\u00edsica y patrones de sue\u00f1o.\u00a0<\/li><\/ul>\t\t\t\t\t\t<\/div>\n\t\t\t\t<\/div>\n\t\t\t\t<div class=\"elementor-element elementor-element-e86ae75 elementor-widget elementor-widget-image\" data-id=\"e86ae75\" data-element_type=\"widget\" data-widget_type=\"image.default\">\n\t\t\t\t<div class=\"elementor-widget-container\">\n\t\t\t\t\t\t\t\t\t\t\t\t\t<img decoding=\"async\" width=\"768\" height=\"432\" src=\"https:\/\/talionis.citic.udc.es\/TechQoL4Carers\/wp-content\/uploads\/2024\/05\/IntroWeb-768x432.png\" class=\"attachment-medium_large size-medium_large wp-image-299\" alt=\"\" srcset=\"https:\/\/talionis.citic.udc.es\/TechQoL4Carers\/wp-content\/uploads\/2024\/05\/IntroWeb-768x432.png 768w, https:\/\/talionis.citic.udc.es\/TechQoL4Carers\/wp-content\/uploads\/2024\/05\/IntroWeb-300x169.png 300w, https:\/\/talionis.citic.udc.es\/TechQoL4Carers\/wp-content\/uploads\/2024\/05\/IntroWeb-1024x577.png 1024w, https:\/\/talionis.citic.udc.es\/TechQoL4Carers\/wp-content\/uploads\/2024\/05\/IntroWeb.png 1117w\" sizes=\"(max-width: 768px) 100vw, 768px\" \/>\t\t\t\t\t\t\t\t\t\t\t\t\t<\/div>\n\t\t\t\t<\/div>\n\t\t\t\t\t<\/div>\n\t\t\t\t<\/div>\n\t\t\t\t<\/div>\n\t\t","protected":false},"excerpt":{"rendered":"<p>CuidaconTIC Como resultado del proyecto TechQoL4Carers, surge la plataforma CuidaconTIC, dise\u00f1ada espec\u00edficamente para personas cuidadoras con el objetivo de mejorar su calidad de vida, equilibrio&hellip;<\/p>\n","protected":false},"author":1,"featured_media":0,"parent":0,"menu_order":0,"comment_status":"closed","ping_status":"closed","template":"","meta":{"footnotes":""},"class_list":["post-22","page","type-page","status-publish","hentry"],"_links":{"self":[{"href":"https:\/\/talionis.citic.udc.es\/TechQoL4Carers\/index.php?rest_route=\/wp\/v2\/pages\/22","targetHints":{"allow":["GET"]}}],"collection":[{"href":"https:\/\/talionis.citic.udc.es\/TechQoL4Carers\/index.php?rest_route=\/wp\/v2\/pages"}],"about":[{"href":"https:\/\/talionis.citic.udc.es\/TechQoL4Carers\/index.php?rest_route=\/wp\/v2\/types\/page"}],"author":[{"embeddable":true,"href":"https:\/\/talionis.citic.udc.es\/TechQoL4Carers\/index.php?rest_route=\/wp\/v2\/users\/1"}],"replies":[{"embeddable":true,"href":"https:\/\/talionis.citic.udc.es\/TechQoL4Carers\/index.php?rest_route=%2Fwp%2Fv2%2Fcomments&post=22"}],"version-history":[{"count":53,"href":"https:\/\/talionis.citic.udc.es\/TechQoL4Carers\/index.php?rest_route=\/wp\/v2\/pages\/22\/revisions"}],"predecessor-version":[{"id":1315,"href":"https:\/\/talionis.citic.udc.es\/TechQoL4Carers\/index.php?rest_route=\/wp\/v2\/pages\/22\/revisions\/1315"}],"wp:attachment":[{"href":"https:\/\/talionis.citic.udc.es\/TechQoL4Carers\/index.php?rest_route=%2Fwp%2Fv2%2Fmedia&parent=22"}],"curies":[{"name":"wp","href":"https:\/\/api.w.org\/{rel}","templated":true}]}}