{"id":846,"date":"2024-10-14T12:25:57","date_gmt":"2024-10-14T10:25:57","guid":{"rendered":"https:\/\/talionis.citic.udc.es\/atendisvr\/?page_id=846"},"modified":"2024-12-26T21:24:59","modified_gmt":"2024-12-26T20:24:59","slug":"formacion","status":"publish","type":"page","link":"https:\/\/talionis.citic.udc.es\/atendisvr\/?page_id=846","title":{"rendered":"Formaci\u00f3n"},"content":{"rendered":"\t\t<div data-elementor-type=\"wp-page\" data-elementor-id=\"846\" class=\"elementor elementor-846\">\n\t\t\t\t<div class=\"elementor-element elementor-element-75ddadc e-flex e-con-boxed e-con e-parent\" data-id=\"75ddadc\" data-element_type=\"container\" data-e-type=\"container\">\n\t\t\t\t\t<div class=\"e-con-inner\">\n\t\t\t\t<div class=\"elementor-element elementor-element-f4bd76c elementor-widget elementor-widget-heading\" data-id=\"f4bd76c\" data-element_type=\"widget\" data-e-type=\"widget\" data-widget_type=\"heading.default\">\n\t\t\t\t<div class=\"elementor-widget-container\">\n\t\t\t\t\t<h2 class=\"elementor-heading-title elementor-size-default\">Manual ATENDIS-VR<\/h2>\t\t\t\t<\/div>\n\t\t\t\t<\/div>\n\t\t\t\t<div class=\"elementor-element elementor-element-6f3679b elementor-widget elementor-widget-text-editor\" data-id=\"6f3679b\" data-element_type=\"widget\" data-e-type=\"widget\" data-widget_type=\"text-editor.default\">\n\t\t\t\t<div class=\"elementor-widget-container\">\n\t\t\t\t\t\t\t\t\t<p>El manual de uso de ATENDIS-VR se puede descargar pulsando <a href=\"https:\/\/talionis.citic.udc.es\/atendisvr\/wp-content\/uploads\/2024\/12\/Manual_Usuario_AtendisVR-1.pdf\">aqu\u00ed\u00a0<\/a>.<\/p>\t\t\t\t\t\t\t\t<\/div>\n\t\t\t\t<\/div>\n\t\t\t\t\t<\/div>\n\t\t\t\t<\/div>\n\t\t<div class=\"elementor-element elementor-element-6e259ba e-flex e-con-boxed e-con e-parent\" data-id=\"6e259ba\" data-element_type=\"container\" data-e-type=\"container\">\n\t\t\t\t\t<div class=\"e-con-inner\">\n\t\t\t\t<div class=\"elementor-element elementor-element-fb11e00 elementor-widget elementor-widget-heading\" data-id=\"fb11e00\" data-element_type=\"widget\" data-e-type=\"widget\" data-widget_type=\"heading.default\">\n\t\t\t\t<div class=\"elementor-widget-container\">\n\t\t\t\t\t<h2 class=\"elementor-heading-title elementor-size-default\">Curso Realidad Virtual<\/h2>\t\t\t\t<\/div>\n\t\t\t\t<\/div>\n\t\t\t\t<div class=\"elementor-element elementor-element-61685b0 elementor-widget elementor-widget-text-editor\" data-id=\"61685b0\" data-element_type=\"widget\" data-e-type=\"widget\" data-widget_type=\"text-editor.default\">\n\t\t\t\t<div class=\"elementor-widget-container\">\n\t\t\t\t\t\t\t\t\t<p>En este <a href=\"https:\/\/talionis.citic.udc.es\/formacion\/\" data-wplink-edit=\"true\">enlace<\/a> podr\u00e1s encontrar un curso de realidad virtual dise\u00f1ado por el grupo Talionis que te ayudar\u00e1 a entender como funcionan estas herramientas.<\/p>\t\t\t\t\t\t\t\t<\/div>\n\t\t\t\t<\/div>\n\t\t\t\t<div class=\"elementor-element elementor-element-d688185 elementor-widget elementor-widget-heading\" data-id=\"d688185\" data-element_type=\"widget\" data-e-type=\"widget\" data-widget_type=\"heading.default\">\n\t\t\t\t<div class=\"elementor-widget-container\">\n\t\t\t\t\t<h2 class=\"elementor-heading-title elementor-size-default\">Configuraci\u00f3n inicial Meta Quest 3<\/h2>\t\t\t\t<\/div>\n\t\t\t\t<\/div>\n\t\t\t\t<div class=\"elementor-element elementor-element-9c84de0 elementor-widget elementor-widget-text-editor\" data-id=\"9c84de0\" data-element_type=\"widget\" data-e-type=\"widget\" data-widget_type=\"text-editor.default\">\n\t\t\t\t<div class=\"elementor-widget-container\">\n\t\t\t\t\t\t\t\t\t<p>Si clicas <a href=\"https:\/\/talionis.citic.udc.es\/atendisvr\/wp-content\/uploads\/2024\/12\/Manual_Uso_MetaQuest3-3.pdf\">aqui<\/a>, podr\u00e1s descargar un manual de como utilizar las gafas Meta Quest 3 para la aplicaci\u00f3n Atendis-VR.<\/p><p>Adicionalmente se adjunta un video que muestra los pasos a seguir para configurar las gafas de realidad virtual Meta Quest 3, especialmente si es la primera vez que se utilizan.<\/p>\t\t\t\t\t\t\t\t<\/div>\n\t\t\t\t<\/div>\n\t\t\t\t\t<\/div>\n\t\t\t\t<\/div>\n\t\t<div class=\"elementor-element elementor-element-c58b8ed e-flex e-con-boxed e-con e-parent\" data-id=\"c58b8ed\" data-element_type=\"container\" data-e-type=\"container\">\n\t\t\t\t\t<div class=\"e-con-inner\">\n\t\t\t\t<div class=\"elementor-element elementor-element-785a0e4 elementor-widget elementor-widget-video\" data-id=\"785a0e4\" data-element_type=\"widget\" data-e-type=\"widget\" data-settings=\"{&quot;youtube_url&quot;:&quot;https:\\\/\\\/youtu.be\\\/2wqSx_OE0XI?si=cSiAVRAafUp0U-3M&quot;,&quot;video_type&quot;:&quot;youtube&quot;,&quot;controls&quot;:&quot;yes&quot;}\" data-widget_type=\"video.default\">\n\t\t\t\t<div class=\"elementor-widget-container\">\n\t\t\t\t\t\t\t<div class=\"elementor-wrapper elementor-open-inline\">\n\t\t\t<div class=\"elementor-video\"><\/div>\t\t<\/div>\n\t\t\t\t\t\t<\/div>\n\t\t\t\t<\/div>\n\t\t\t\t\t<\/div>\n\t\t\t\t<\/div>\n\t\t\t\t<\/div>\n\t\t","protected":false},"excerpt":{"rendered":"<p>Manual ATENDIS-VR El manual de uso de ATENDIS-VR se puede descargar pulsando aqu\u00ed\u00a0. Curso Realidad Virtual En este enlace podr\u00e1s encontrar un curso de realidad virtual dise\u00f1ado por el grupo Talionis que te ayudar\u00e1 a entender como funcionan estas herramientas. Configuraci\u00f3n inicial Meta Quest 3 Si clicas aqui, podr\u00e1s descargar un manual de como utilizar&hellip;&nbsp;<a href=\"https:\/\/talionis.citic.udc.es\/atendisvr\/?page_id=846\" rel=\"bookmark\">Leer m\u00e1s &raquo;<span class=\"screen-reader-text\">Formaci\u00f3n<\/span><\/a><\/p>\n","protected":false},"author":1,"featured_media":0,"parent":0,"menu_order":0,"comment_status":"closed","ping_status":"closed","template":"page-templates\/template-pagebuilder-full-width.php","meta":{"neve_meta_sidebar":"","neve_meta_container":"","neve_meta_enable_content_width":"","neve_meta_content_width":0,"neve_meta_title_alignment":"","neve_meta_author_avatar":"","neve_post_elements_order":"","neve_meta_disable_header":"","neve_meta_disable_footer":"","neve_meta_disable_title":"","footnotes":""},"class_list":["post-846","page","type-page","status-publish","hentry"],"_links":{"self":[{"href":"https:\/\/talionis.citic.udc.es\/atendisvr\/index.php?rest_route=\/wp\/v2\/pages\/846","targetHints":{"allow":["GET"]}}],"collection":[{"href":"https:\/\/talionis.citic.udc.es\/atendisvr\/index.php?rest_route=\/wp\/v2\/pages"}],"about":[{"href":"https:\/\/talionis.citic.udc.es\/atendisvr\/index.php?rest_route=\/wp\/v2\/types\/page"}],"author":[{"embeddable":true,"href":"https:\/\/talionis.citic.udc.es\/atendisvr\/index.php?rest_route=\/wp\/v2\/users\/1"}],"replies":[{"embeddable":true,"href":"https:\/\/talionis.citic.udc.es\/atendisvr\/index.php?rest_route=%2Fwp%2Fv2%2Fcomments&post=846"}],"version-history":[{"count":25,"href":"https:\/\/talionis.citic.udc.es\/atendisvr\/index.php?rest_route=\/wp\/v2\/pages\/846\/revisions"}],"predecessor-version":[{"id":919,"href":"https:\/\/talionis.citic.udc.es\/atendisvr\/index.php?rest_route=\/wp\/v2\/pages\/846\/revisions\/919"}],"wp:attachment":[{"href":"https:\/\/talionis.citic.udc.es\/atendisvr\/index.php?rest_route=%2Fwp%2Fv2%2Fmedia&parent=846"}],"curies":[{"name":"wp","href":"https:\/\/api.w.org\/{rel}","templated":true}]}}