{"id":920,"date":"2025-01-03T12:34:48","date_gmt":"2025-01-03T11:34:48","guid":{"rendered":"https:\/\/talionis.citic.udc.es\/atendisvr\/?page_id=920"},"modified":"2025-01-17T12:39:49","modified_gmt":"2025-01-17T11:39:49","slug":"elementor-920","status":"publish","type":"page","link":"https:\/\/talionis.citic.udc.es\/atendisvr\/?page_id=920","title":{"rendered":"TRV, Transferencia de Realidade Virtual\u200b"},"content":{"rendered":"\t\t<div data-elementor-type=\"wp-page\" data-elementor-id=\"920\" class=\"elementor elementor-920\">\n\t\t\t\t<div class=\"elementor-element elementor-element-655bad2 e-flex e-con-boxed e-con e-parent\" data-id=\"655bad2\" data-element_type=\"container\" data-e-type=\"container\">\n\t\t\t\t\t<div class=\"e-con-inner\">\n\t\t\t\t<div class=\"elementor-element elementor-element-574de3a elementor-widget elementor-widget-heading\" data-id=\"574de3a\" data-element_type=\"widget\" data-e-type=\"widget\" data-widget_type=\"heading.default\">\n\t\t\t\t<div class=\"elementor-widget-container\">\n\t\t\t\t\t<h2 class=\"elementor-heading-title elementor-size-default\">TRV, Transferencia de Realidade Virtual<\/h2>\t\t\t\t<\/div>\n\t\t\t\t<\/div>\n\t\t\t\t\t<\/div>\n\t\t\t\t<\/div>\n\t\t<div class=\"elementor-element elementor-element-8538f74 e-flex e-con-boxed e-con e-parent\" data-id=\"8538f74\" data-element_type=\"container\" data-e-type=\"container\">\n\t\t\t\t\t<div class=\"e-con-inner\">\n\t\t<div class=\"elementor-element elementor-element-cf16aa4 e-con-full e-flex e-con e-child\" data-id=\"cf16aa4\" data-element_type=\"container\" data-e-type=\"container\">\n\t\t\t\t<div class=\"elementor-element elementor-element-b48a023 elementor-widget elementor-widget-text-editor\" data-id=\"b48a023\" data-element_type=\"widget\" data-e-type=\"widget\" data-widget_type=\"text-editor.default\">\n\t\t\t\t<div class=\"elementor-widget-container\">\n\t\t\t\t\t\t\t\t\t<p><strong>TRV, Transferencia de Realidad Virtual<\/strong> es un proyecto innovador que tiene como objetivo la implantaci\u00f3n de la aplicaci\u00f3n <strong>Atendis-VR<\/strong> en 19 centros de mayores gestionados por la Xunta de Galicia. Este proyecto busca introducir la realidad virtual como una herramienta clave para enriquecer las actividades realizadas en los centros, promoviendo el bienestar, la participaci\u00f3n y la estimulaci\u00f3n de los usuarios mediante experiencias inmersivas y adaptadas a sus necesidades.<\/p>\t\t\t\t\t\t\t\t<\/div>\n\t\t\t\t<\/div>\n\t\t\t\t<\/div>\n\t\t<div class=\"elementor-element elementor-element-690cec7 e-con-full e-flex e-con e-child\" data-id=\"690cec7\" data-element_type=\"container\" data-e-type=\"container\">\n\t\t\t\t<div class=\"elementor-element elementor-element-040cc48 elementor-widget elementor-widget-image\" data-id=\"040cc48\" data-element_type=\"widget\" data-e-type=\"widget\" data-widget_type=\"image.default\">\n\t\t\t\t<div class=\"elementor-widget-container\">\n\t\t\t\t\t\t\t\t\t\t\t\t\t\t\t<img decoding=\"async\" src=\"https:\/\/talionis.citic.udc.es\/atendisvr\/wp-content\/uploads\/elementor\/thumbs\/Captura-de-pantalla-2024-06-03-131624-qp43ho7ri2wgy8h4ghetkbmjt64nytzjsrpy8wjtj8.png\" title=\"Captura de pantalla 2024-06-03 131624\" alt=\"Captura de pantalla 2024-06-03 131624\" loading=\"lazy\" \/>\t\t\t\t\t\t\t\t\t\t\t\t\t\t\t<\/div>\n\t\t\t\t<\/div>\n\t\t\t\t<\/div>\n\t\t\t\t\t<\/div>\n\t\t\t\t<\/div>\n\t\t<div class=\"elementor-element elementor-element-b5a2809 e-flex e-con-boxed e-con e-parent\" data-id=\"b5a2809\" data-element_type=\"container\" data-e-type=\"container\">\n\t\t\t\t\t<div class=\"e-con-inner\">\n\t\t<div class=\"elementor-element elementor-element-d4c178b e-con-full e-flex e-con e-child\" data-id=\"d4c178b\" data-element_type=\"container\" data-e-type=\"container\">\n\t\t\t\t<div class=\"elementor-element elementor-element-08d167c elementor-widget elementor-widget-heading\" data-id=\"08d167c\" data-element_type=\"widget\" data-e-type=\"widget\" data-widget_type=\"heading.default\">\n\t\t\t\t<div class=\"elementor-widget-container\">\n\t\t\t\t\t<h2 class=\"elementor-heading-title elementor-size-default\">Encuesta<\/h2>\t\t\t\t<\/div>\n\t\t\t\t<\/div>\n\t\t\t\t<div class=\"elementor-element elementor-element-33c6b03 elementor-widget elementor-widget-text-editor\" data-id=\"33c6b03\" data-element_type=\"widget\" data-e-type=\"widget\" data-widget_type=\"text-editor.default\">\n\t\t\t\t<div class=\"elementor-widget-container\">\n\t\t\t\t\t\t\t\t\t<p>Cada vez que se realice una sesi\u00f3n de juego utilizando <strong>Atendis-VR<\/strong>, agradecer\u00edamos que se complete una breve encuesta. Esto nos permitir\u00e1 llevar un seguimiento detallado del proyecto y evaluar su impacto en las actividades de los centros. Su participaci\u00f3n es fundamental para el \u00e9xito y la mejora continua de esta iniciativa. \u00a1Gracias por su ayuda!<\/p><p><a href=\"https:\/\/talionis.citic.udc.es\/redcap\/surveys\/?s=W98D7K97DMM9WD7Y\">Enlace encuesta<\/a><\/p><p>\u00a0<\/p>\t\t\t\t\t\t\t\t<\/div>\n\t\t\t\t<\/div>\n\t\t\t\t<\/div>\n\t\t<div class=\"elementor-element elementor-element-38fdde7 e-con-full e-flex e-con e-child\" data-id=\"38fdde7\" data-element_type=\"container\" data-e-type=\"container\">\n\t\t\t\t<div class=\"elementor-element elementor-element-eaf0957 elementor-widget elementor-widget-image\" data-id=\"eaf0957\" data-element_type=\"widget\" data-e-type=\"widget\" data-widget_type=\"image.default\">\n\t\t\t\t<div class=\"elementor-widget-container\">\n\t\t\t\t\t\t\t\t\t\t\t\t<figure class=\"wp-caption\">\n\t\t\t\t\t\t\t\t\t\t\t<a href=\"https:\/\/talionis.citic.udc.es\/redcap\/surveys\/?s=W98D7K97DMM9WD7Y\">\n\t\t\t\t\t\t\t<img fetchpriority=\"high\" decoding=\"async\" width=\"270\" height=\"270\" src=\"https:\/\/talionis.citic.udc.es\/atendisvr\/wp-content\/uploads\/2025\/01\/qrcode-generado-1.png\" class=\"attachment-large size-large wp-image-922\" alt=\"\" srcset=\"https:\/\/talionis.citic.udc.es\/atendisvr\/wp-content\/uploads\/2025\/01\/qrcode-generado-1.png 270w, https:\/\/talionis.citic.udc.es\/atendisvr\/wp-content\/uploads\/2025\/01\/qrcode-generado-1-150x150.png 150w\" sizes=\"(max-width: 270px) 100vw, 270px\" \/>\t\t\t\t\t\t\t\t<\/a>\n\t\t\t\t\t\t\t\t\t\t\t<figcaption class=\"widget-image-caption wp-caption-text\"><\/figcaption>\n\t\t\t\t\t\t\t\t\t\t<\/figure>\n\t\t\t\t\t\t\t\t\t<\/div>\n\t\t\t\t<\/div>\n\t\t\t\t<div class=\"elementor-element elementor-element-5fa62f0 elementor-widget elementor-widget-text-editor\" data-id=\"5fa62f0\" data-element_type=\"widget\" data-e-type=\"widget\" data-widget_type=\"text-editor.default\">\n\t\t\t\t<div class=\"elementor-widget-container\">\n\t\t\t\t\t\t\t\t\t<p>QR de la encuesta<\/p>\t\t\t\t\t\t\t\t<\/div>\n\t\t\t\t<\/div>\n\t\t\t\t<\/div>\n\t\t\t\t\t<\/div>\n\t\t\t\t<\/div>\n\t\t\t\t<\/div>\n\t\t","protected":false},"excerpt":{"rendered":"<p>TRV, Transferencia de Realidade Virtual TRV, Transferencia de Realidad Virtual es un proyecto innovador que tiene como objetivo la implantaci\u00f3n de la aplicaci\u00f3n Atendis-VR en 19 centros de mayores gestionados por la Xunta de Galicia. Este proyecto busca introducir la realidad virtual como una herramienta clave para enriquecer las actividades realizadas en los centros, promoviendo&hellip;&nbsp;<a href=\"https:\/\/talionis.citic.udc.es\/atendisvr\/?page_id=920\" rel=\"bookmark\">Leer m\u00e1s &raquo;<span class=\"screen-reader-text\">TRV, Transferencia de Realidade Virtual\u200b<\/span><\/a><\/p>\n","protected":false},"author":1,"featured_media":0,"parent":0,"menu_order":0,"comment_status":"closed","ping_status":"closed","template":"page-templates\/template-pagebuilder-full-width.php","meta":{"neve_meta_sidebar":"","neve_meta_container":"","neve_meta_enable_content_width":"","neve_meta_content_width":0,"neve_meta_title_alignment":"","neve_meta_author_avatar":"","neve_post_elements_order":"","neve_meta_disable_header":"","neve_meta_disable_footer":"","neve_meta_disable_title":"","footnotes":""},"class_list":["post-920","page","type-page","status-publish","hentry"],"_links":{"self":[{"href":"https:\/\/talionis.citic.udc.es\/atendisvr\/index.php?rest_route=\/wp\/v2\/pages\/920","targetHints":{"allow":["GET"]}}],"collection":[{"href":"https:\/\/talionis.citic.udc.es\/atendisvr\/index.php?rest_route=\/wp\/v2\/pages"}],"about":[{"href":"https:\/\/talionis.citic.udc.es\/atendisvr\/index.php?rest_route=\/wp\/v2\/types\/page"}],"author":[{"embeddable":true,"href":"https:\/\/talionis.citic.udc.es\/atendisvr\/index.php?rest_route=\/wp\/v2\/users\/1"}],"replies":[{"embeddable":true,"href":"https:\/\/talionis.citic.udc.es\/atendisvr\/index.php?rest_route=%2Fwp%2Fv2%2Fcomments&post=920"}],"version-history":[{"count":10,"href":"https:\/\/talionis.citic.udc.es\/atendisvr\/index.php?rest_route=\/wp\/v2\/pages\/920\/revisions"}],"predecessor-version":[{"id":936,"href":"https:\/\/talionis.citic.udc.es\/atendisvr\/index.php?rest_route=\/wp\/v2\/pages\/920\/revisions\/936"}],"wp:attachment":[{"href":"https:\/\/talionis.citic.udc.es\/atendisvr\/index.php?rest_route=%2Fwp%2Fv2%2Fmedia&parent=920"}],"curies":[{"name":"wp","href":"https:\/\/api.w.org\/{rel}","templated":true}]}}